{"id":1519,"date":"2018-05-17T07:45:34","date_gmt":"2018-05-17T07:45:34","guid":{"rendered":"http:\/\/o2portimao.online\/site\/?page_id=1519"},"modified":"2019-02-17T21:31:22","modified_gmt":"2019-02-17T21:31:22","slug":"1519-2","status":"publish","type":"page","link":"https:\/\/o2portimao.com\/site\/1519-2\/","title":{"rendered":"O que \u00e9 o Triatlo?"},"content":{"rendered":"<p><img loading=\"lazy\" decoding=\"async\" class=\"aligncenter size-full wp-image-588\" src=\"http:\/\/o2portimao.com\/site\/wp-content\/uploads\/2017\/06\/Triatlo11.jpg\" alt=\"\" width=\"1070\" height=\"300\" srcset=\"https:\/\/o2portimao.com\/site\/wp-content\/uploads\/2017\/06\/Triatlo11.jpg 1070w, https:\/\/o2portimao.com\/site\/wp-content\/uploads\/2017\/06\/Triatlo11-300x84.jpg 300w, https:\/\/o2portimao.com\/site\/wp-content\/uploads\/2017\/06\/Triatlo11-768x215.jpg 768w, https:\/\/o2portimao.com\/site\/wp-content\/uploads\/2017\/06\/Triatlo11-1024x287.jpg 1024w\" sizes=\"auto, (max-width: 1070px) 100vw, 1070px\" \/><\/p>\n<h1 class=\"font_6\"><strong>O que \u00e9 o Triatlo?<\/strong><\/h1>\n<p class=\"font_8\" style=\"text-align: justify;\"><img loading=\"lazy\" decoding=\"async\" class=\"alignright size-full wp-image-589\" src=\"http:\/\/o2portimao.com\/site\/wp-content\/uploads\/2017\/06\/Triatlo22.jpg\" alt=\"\" width=\"554\" height=\"347\" srcset=\"https:\/\/o2portimao.com\/site\/wp-content\/uploads\/2017\/06\/Triatlo22.jpg 554w, https:\/\/o2portimao.com\/site\/wp-content\/uploads\/2017\/06\/Triatlo22-300x188.jpg 300w\" sizes=\"auto, (max-width: 554px) 100vw, 554px\" \/>O Triatlo \u00e9 um desporto que combina tr\u00eas modalidades numa s\u00f3: a nata\u00e7\u00e3o, o ciclismo e a corrida.<\/p>\n<p class=\"font_8\" style=\"text-align: justify;\">\u00c9 uma modalidade ol\u00edmpica e numa prova de Triatlo, os atletas cumprem individualmente um percurso onde come\u00e7am por nadar, habitualmente em \u00e1guas abertas (mar, lagos ou rios), depois andam de bicicleta (estrada ou todo-o-terreno &#8211; BTT) e acabam a correr.<\/p>\n<p class=\"font_8\" style=\"text-align: justify;\">A ordem dos segmentos \u00e9 sempre a mesma e n\u00e3o existe paragem de cron\u00f3metro na passagem de uma modalidade para a outra, as chamadas transi\u00e7\u00f5es.<\/p>\n<p class=\"font_8\" style=\"text-align: justify;\">Dentro da modalidade de Triatlo, h\u00e1 depois diversas variantes: o Duatlo (corrida, ciclismo e corrida), o Aquatlo (nata\u00e7\u00e3o e corrida) e o Aquabike (nata\u00e7\u00e3o e ciclismo).<\/p>\n<p class=\"font_8\" style=\"text-align: justify;\">O Triatlo \u00e9 para pessoas de ambos os g\u00e9nero e de todas as idades, n\u00e3o \u00e9 um desporto elitista, adapta-se a v\u00e1rios espa\u00e7os e pode ser praticado individualmente ou em grupo. H\u00e1 inclusive provas de estafetas. \u00c9 uma atividade f\u00edsica muito completa e, ao mesmo tempo, diversificada.<\/p>\n<p class=\"font_8\" style=\"text-align: justify;\"><span class=\"wixGuard\">\u200b<\/span>Ao mesmo tempo, tem uma filosofia muito pr\u00f3pria: ensina aos seus praticantes a respeitarem-se a si pr\u00f3prios, as outras pessoas e a natureza; desenvolve as capacidades de lideran\u00e7a, decis\u00e3o, supera\u00e7\u00e3o e esp\u00edrito de equipa; transmite responsabilidade pessoal, social e c\u00edvica.<\/p>\n<p class=\"font_8\" style=\"text-align: justify;\">\u00c9 a Federa\u00e7\u00e3o de Triatlo de Portugal (FTP) que promove, regulamenta, dirige e expande a pr\u00e1tica desportiva do Triatlo e das modalidades afins em todo o territ\u00f3rio nacional, ao mesmo tempo que garante uma representa\u00e7\u00e3o condigna dos atletas portugueses em provas internacionais.<\/p>\n<p class=\"font_8\">As v\u00e1rias dist\u00e2ncias no Triatlo s\u00e3o:<\/p>\n<ul class=\"font_8\">\n<li>\n<p class=\"font_8\">Super-Sprint: 350 metros de nata\u00e7\u00e3o \/ 10 km de bicicleta \/ 2,5 km de corrida<\/p>\n<\/li>\n<li>\n<p class=\"font_8\">Sprint: 750 metros de nata\u00e7\u00e3o \/ 20\u00a0km de bicicleta \/ 5\u00a0km de corrida<\/p>\n<\/li>\n<li>\n<p class=\"font_8\">Ol\u00edmpica: 1,5\u00a0km de nata\u00e7\u00e3o \/ 40\u00a0km de bicicleta \/ 10\u00a0km de corrida<\/p>\n<\/li>\n<li>\n<p class=\"font_8\">Meio-Ironman: 1,9 Km de nata\u00e7\u00e3o \/ 90 km de bicicleta \/ 21 km de corrida<\/p>\n<\/li>\n<li>\n<p class=\"font_8\">Ironman: 3,8\u00a0km de nata\u00e7\u00e3o \/ 180\u00a0km de bicicleta \/ 42\u00a0km de corrida<\/p>\n<\/li>\n<li>\n<p class=\"font_8\">Ultraman: 10 km de nata\u00e7\u00e3o \/ 421 km de bicicleta \/ 84 km de corrida<\/p>\n<\/li>\n<\/ul>\n<p>&nbsp;<\/p>\n","protected":false},"excerpt":{"rendered":"<p>O que \u00e9 o Triatlo? O Triatlo \u00e9 um desporto que combina tr\u00eas modalidades numa s\u00f3: a nata\u00e7\u00e3o, o ciclismo e a corrida. \u00c9 uma modalidade ol\u00edmpica e numa prova de Triatlo, os atletas cumprem individualmente um percurso onde come\u00e7am por nadar, habitualmente em \u00e1guas abertas (mar, lagos ou rios), depois andam de bicicleta (estrada [&hellip;]<\/p>\n","protected":false},"author":2,"featured_media":0,"parent":0,"menu_order":0,"comment_status":"closed","ping_status":"closed","template":"","meta":{"footnotes":""},"class_list":["post-1519","page","type-page","status-publish","hentry"],"_links":{"self":[{"href":"https:\/\/o2portimao.com\/site\/wp-json\/wp\/v2\/pages\/1519","targetHints":{"allow":["GET"]}}],"collection":[{"href":"https:\/\/o2portimao.com\/site\/wp-json\/wp\/v2\/pages"}],"about":[{"href":"https:\/\/o2portimao.com\/site\/wp-json\/wp\/v2\/types\/page"}],"author":[{"embeddable":true,"href":"https:\/\/o2portimao.com\/site\/wp-json\/wp\/v2\/users\/2"}],"replies":[{"embeddable":true,"href":"https:\/\/o2portimao.com\/site\/wp-json\/wp\/v2\/comments?post=1519"}],"version-history":[{"count":4,"href":"https:\/\/o2portimao.com\/site\/wp-json\/wp\/v2\/pages\/1519\/revisions"}],"predecessor-version":[{"id":1780,"href":"https:\/\/o2portimao.com\/site\/wp-json\/wp\/v2\/pages\/1519\/revisions\/1780"}],"wp:attachment":[{"href":"https:\/\/o2portimao.com\/site\/wp-json\/wp\/v2\/media?parent=1519"}],"curies":[{"name":"wp","href":"https:\/\/api.w.org\/{rel}","templated":true}]}}